{"id":4684,"date":"2017-01-13T08:48:09","date_gmt":"2017-01-13T08:48:09","guid":{"rendered":"http:\/\/demo.goodlayers.com\/traveltour\/?page_id=4684"},"modified":"2025-02-17T11:17:45","modified_gmt":"2025-02-17T11:17:45","slug":"mamut-slovenija","status":"publish","type":"page","link":"https:\/\/www.mamut-sport.si\/","title":{"rendered":"Mamut Slovenija"},"content":{"rendered":"","protected":false},"excerpt":{"rendered":"","protected":false},"author":1,"featured_media":7320,"parent":0,"menu_order":0,"comment_status":"closed","ping_status":"closed","template":"","meta":{"_exactmetrics_skip_tracking":false,"_exactmetrics_sitenote_active":false,"_exactmetrics_sitenote_note":"","_exactmetrics_sitenote_category":0,"_monsterinsights_skip_tracking":false,"_monsterinsights_sitenote_active":false,"_monsterinsights_sitenote_note":"","_monsterinsights_sitenote_category":0,"footnotes":""},"yoast_head":"<!-- This site is optimized with the Yoast SEO plugin v21.9.1 - https:\/\/yoast.com\/wordpress\/plugins\/seo\/ -->\n<title>Mamut Slovenija | Strokovnjaki za Adrenalinske Aktivnosti v Sloveniji<\/title>\n<meta name=\"description\" content=\"Mamut Slovenija ponuja \u0161iroko izbiro adrenalinskih aktivnosti v Sloveniji. Pre\u017eivite nepozaben dan pod varnim vodstvom izku\u0161enih vodnikov!\" \/>\n<meta name=\"robots\" content=\"index, follow, max-snippet:-1, max-image-preview:large, max-video-preview:-1\" \/>\n<link rel=\"canonical\" href=\"https:\/\/www.mamut-sport.si\/\" \/>\n<meta property=\"og:locale\" content=\"sl_SI\" \/>\n<meta property=\"og:type\" content=\"article\" \/>\n<meta property=\"og:title\" content=\"Mamut Slovenija | Strokovnjaki za Adrenalinske Aktivnosti v Sloveniji\" \/>\n<meta property=\"og:description\" content=\"Mamut Slovenija ponuja \u0161iroko izbiro adrenalinskih aktivnosti v Sloveniji. Pre\u017eivite nepozaben dan pod varnim vodstvom izku\u0161enih vodnikov!\" \/>\n<meta property=\"og:url\" content=\"https:\/\/www.mamut-sport.si\/\" \/>\n<meta property=\"og:site_name\" content=\"Mamut Slovenija\" \/>\n<meta property=\"article:publisher\" content=\"https:\/\/www.facebook.com\/MamutAdventures\/\" \/>\n<meta property=\"article:modified_time\" content=\"2025-02-17T11:17:45+00:00\" \/>\n<meta property=\"og:image\" content=\"https:\/\/www.mamut-sport.si\/wp-content\/uploads\/2019\/04\/Mamut-Slovenija.jpg\" \/>\n\t<meta property=\"og:image:width\" content=\"600\" \/>\n\t<meta property=\"og:image:height\" content=\"589\" \/>\n\t<meta property=\"og:image:type\" content=\"image\/jpeg\" \/>\n<meta name=\"twitter:card\" content=\"summary_large_image\" \/>\n<meta name=\"twitter:label1\" content=\"Est. reading time\" \/>\n\t<meta name=\"twitter:data1\" content=\"4 minute\" \/>\n<script type=\"application\/ld+json\" class=\"yoast-schema-graph\">{\"@context\":\"https:\/\/schema.org\",\"@graph\":[{\"@type\":\"WebPage\",\"@id\":\"https:\/\/www.mamut-sport.si\/\",\"url\":\"https:\/\/www.mamut-sport.si\/\",\"name\":\"Mamut Slovenija | Strokovnjaki za Adrenalinske Aktivnosti v Sloveniji\",\"isPartOf\":{\"@id\":\"https:\/\/www.mamut-sport.si\/#website\"},\"datePublished\":\"2017-01-13T08:48:09+00:00\",\"dateModified\":\"2025-02-17T11:17:45+00:00\",\"description\":\"Mamut Slovenija ponuja \u0161iroko izbiro adrenalinskih aktivnosti v Sloveniji. Pre\u017eivite nepozaben dan pod varnim vodstvom izku\u0161enih vodnikov!\",\"breadcrumb\":{\"@id\":\"https:\/\/www.mamut-sport.si\/#breadcrumb\"},\"inLanguage\":\"sl-SI\",\"potentialAction\":[{\"@type\":\"ReadAction\",\"target\":[\"https:\/\/www.mamut-sport.si\/\"]}]},{\"@type\":\"BreadcrumbList\",\"@id\":\"https:\/\/www.mamut-sport.si\/#breadcrumb\",\"itemListElement\":[{\"@type\":\"ListItem\",\"position\":1,\"name\":\"Home\",\"item\":\"https:\/\/www.mamut-sport.si\/\"},{\"@type\":\"ListItem\",\"position\":2,\"name\":\"Mamut Slovenija\"}]},{\"@type\":\"WebSite\",\"@id\":\"https:\/\/www.mamut-sport.si\/#website\",\"url\":\"https:\/\/www.mamut-sport.si\/\",\"name\":\"Mamut Slovenija\",\"description\":\"Adrenalinske aktivnosti v naravi\",\"potentialAction\":[{\"@type\":\"SearchAction\",\"target\":{\"@type\":\"EntryPoint\",\"urlTemplate\":\"https:\/\/www.mamut-sport.si\/?s={search_term_string}\"},\"query-input\":\"required name=search_term_string\"}],\"inLanguage\":\"sl-SI\"}]}<\/script>\n<!-- \/ Yoast SEO plugin. -->","yoast_head_json":{"title":"Mamut Slovenija | Strokovnjaki za Adrenalinske Aktivnosti v Sloveniji","description":"Mamut Slovenija ponuja \u0161iroko izbiro adrenalinskih aktivnosti v Sloveniji. Pre\u017eivite nepozaben dan pod varnim vodstvom izku\u0161enih vodnikov!","robots":{"index":"index","follow":"follow","max-snippet":"max-snippet:-1","max-image-preview":"max-image-preview:large","max-video-preview":"max-video-preview:-1"},"canonical":"https:\/\/www.mamut-sport.si\/","og_locale":"sl_SI","og_type":"article","og_title":"Mamut Slovenija | Strokovnjaki za Adrenalinske Aktivnosti v Sloveniji","og_description":"Mamut Slovenija ponuja \u0161iroko izbiro adrenalinskih aktivnosti v Sloveniji. Pre\u017eivite nepozaben dan pod varnim vodstvom izku\u0161enih vodnikov!","og_url":"https:\/\/www.mamut-sport.si\/","og_site_name":"Mamut Slovenija","article_publisher":"https:\/\/www.facebook.com\/MamutAdventures\/","article_modified_time":"2025-02-17T11:17:45+00:00","og_image":[{"width":600,"height":589,"url":"https:\/\/www.mamut-sport.si\/wp-content\/uploads\/2019\/04\/Mamut-Slovenija.jpg","type":"image\/jpeg"}],"twitter_card":"summary_large_image","twitter_misc":{"Est. reading time":"4 minute"},"schema":{"@context":"https:\/\/schema.org","@graph":[{"@type":"WebPage","@id":"https:\/\/www.mamut-sport.si\/","url":"https:\/\/www.mamut-sport.si\/","name":"Mamut Slovenija | Strokovnjaki za Adrenalinske Aktivnosti v Sloveniji","isPartOf":{"@id":"https:\/\/www.mamut-sport.si\/#website"},"datePublished":"2017-01-13T08:48:09+00:00","dateModified":"2025-02-17T11:17:45+00:00","description":"Mamut Slovenija ponuja \u0161iroko izbiro adrenalinskih aktivnosti v Sloveniji. Pre\u017eivite nepozaben dan pod varnim vodstvom izku\u0161enih vodnikov!","breadcrumb":{"@id":"https:\/\/www.mamut-sport.si\/#breadcrumb"},"inLanguage":"sl-SI","potentialAction":[{"@type":"ReadAction","target":["https:\/\/www.mamut-sport.si\/"]}]},{"@type":"BreadcrumbList","@id":"https:\/\/www.mamut-sport.si\/#breadcrumb","itemListElement":[{"@type":"ListItem","position":1,"name":"Home","item":"https:\/\/www.mamut-sport.si\/"},{"@type":"ListItem","position":2,"name":"Mamut Slovenija"}]},{"@type":"WebSite","@id":"https:\/\/www.mamut-sport.si\/#website","url":"https:\/\/www.mamut-sport.si\/","name":"Mamut Slovenija","description":"Adrenalinske aktivnosti v naravi","potentialAction":[{"@type":"SearchAction","target":{"@type":"EntryPoint","urlTemplate":"https:\/\/www.mamut-sport.si\/?s={search_term_string}"},"query-input":"required name=search_term_string"}],"inLanguage":"sl-SI"}]}},"_links":{"self":[{"href":"https:\/\/www.mamut-sport.si\/index.php?rest_route=\/wp\/v2\/pages\/4684"}],"collection":[{"href":"https:\/\/www.mamut-sport.si\/index.php?rest_route=\/wp\/v2\/pages"}],"about":[{"href":"https:\/\/www.mamut-sport.si\/index.php?rest_route=\/wp\/v2\/types\/page"}],"author":[{"embeddable":true,"href":"https:\/\/www.mamut-sport.si\/index.php?rest_route=\/wp\/v2\/users\/1"}],"replies":[{"embeddable":true,"href":"https:\/\/www.mamut-sport.si\/index.php?rest_route=%2Fwp%2Fv2%2Fcomments&post=4684"}],"version-history":[{"count":5,"href":"https:\/\/www.mamut-sport.si\/index.php?rest_route=\/wp\/v2\/pages\/4684\/revisions"}],"predecessor-version":[{"id":7622,"href":"https:\/\/www.mamut-sport.si\/index.php?rest_route=\/wp\/v2\/pages\/4684\/revisions\/7622"}],"wp:featuredmedia":[{"embeddable":true,"href":"https:\/\/www.mamut-sport.si\/index.php?rest_route=\/wp\/v2\/media\/7320"}],"wp:attachment":[{"href":"https:\/\/www.mamut-sport.si\/index.php?rest_route=%2Fwp%2Fv2%2Fmedia&parent=4684"}],"curies":[{"name":"wp","href":"https:\/\/api.w.org\/{rel}","templated":true}]}}